{"id":34520,"date":"2023-04-14T00:18:57","date_gmt":"2023-04-14T00:18:57","guid":{"rendered":"https:\/\/vjosa-park-kombetar-tani.ecoalbania.org\/?page_id=34520"},"modified":"2023-04-14T00:50:19","modified_gmt":"2023-04-14T00:50:19","slug":"kercenimet","status":"publish","type":"page","link":"https:\/\/vjosa-park-kombetar-tani.ecoalbania.org\/?page_id=34520","title":{"rendered":"K\u00ebrc\u00ebnimet"},"content":{"rendered":"\t\t<div data-elementor-type=\"wp-page\" data-elementor-id=\"34520\" class=\"elementor elementor-34520\">\n\t\t\t\t\t\t\t\t\t<section data-particle_enable=\"false\" data-particle-mobile-disabled=\"false\" class=\"elementor-section elementor-top-section elementor-element elementor-element-dc4fc75 elementor-section-stretched elementor-section-boxed elementor-section-height-default elementor-section-height-default\" data-id=\"dc4fc75\" data-element_type=\"section\" data-settings=\"{&quot;stretch_section&quot;:&quot;section-stretched&quot;}\">\n\t\t\t\t\t\t<div class=\"elementor-container elementor-column-gap-default\">\n\t\t\t\t\t<div class=\"elementor-column elementor-col-100 elementor-top-column elementor-element elementor-element-19e2de1\" data-id=\"19e2de1\" data-element_type=\"column\">\n\t\t\t<div class=\"elementor-widget-wrap elementor-element-populated\">\n\t\t\t\t\t\t\t\t<section data-particle_enable=\"false\" data-particle-mobile-disabled=\"false\" class=\"elementor-section elementor-inner-section elementor-element elementor-element-3270910 elementor-section-boxed elementor-section-height-default elementor-section-height-default\" data-id=\"3270910\" data-element_type=\"section\">\n\t\t\t\t\t\t<div class=\"elementor-container elementor-column-gap-default\">\n\t\t\t\t\t<div class=\"elementor-column elementor-col-50 elementor-inner-column elementor-element elementor-element-6e06208 elementor-hidden-mobile\" data-id=\"6e06208\" data-element_type=\"column\" data-settings=\"{&quot;background_background&quot;:&quot;classic&quot;}\">\n\t\t\t<div class=\"elementor-widget-wrap\">\n\t\t\t\t\t\t\t\t\t<\/div>\n\t\t<\/div>\n\t\t\t\t<div class=\"elementor-column elementor-col-50 elementor-inner-column elementor-element elementor-element-fc48ad6\" data-id=\"fc48ad6\" data-element_type=\"column\">\n\t\t\t<div class=\"elementor-widget-wrap elementor-element-populated\">\n\t\t\t\t\t\t\t\t<div class=\"elementor-element elementor-element-b8b69bc elementor-widget elementor-widget-heading\" data-id=\"b8b69bc\" data-element_type=\"widget\" data-widget_type=\"heading.default\">\n\t\t\t\t<div class=\"elementor-widget-container\">\n\t\t\t<style>\/*! elementor - v3.11.1 - 15-02-2023 *\/\n.elementor-heading-title{padding:0;margin:0;line-height:1}.elementor-widget-heading .elementor-heading-title[class*=elementor-size-]>a{color:inherit;font-size:inherit;line-height:inherit}.elementor-widget-heading .elementor-heading-title.elementor-size-small{font-size:15px}.elementor-widget-heading .elementor-heading-title.elementor-size-medium{font-size:19px}.elementor-widget-heading .elementor-heading-title.elementor-size-large{font-size:29px}.elementor-widget-heading .elementor-heading-title.elementor-size-xl{font-size:39px}.elementor-widget-heading .elementor-heading-title.elementor-size-xxl{font-size:59px}<\/style><h2 class=\"elementor-heading-title elementor-size-default\">K\u00ebrc\u00ebnimet<\/h2>\t\t<\/div>\n\t\t\t\t<\/div>\n\t\t\t\t<div class=\"elementor-element elementor-element-f89b03e elementor-widget elementor-widget-text-editor\" data-id=\"f89b03e\" data-element_type=\"widget\" data-widget_type=\"text-editor.default\">\n\t\t\t\t<div class=\"elementor-widget-container\">\n\t\t\t<style>\/*! elementor - v3.11.1 - 15-02-2023 *\/\n.elementor-widget-text-editor.elementor-drop-cap-view-stacked .elementor-drop-cap{background-color:#818a91;color:#fff}.elementor-widget-text-editor.elementor-drop-cap-view-framed .elementor-drop-cap{color:#818a91;border:3px solid;background-color:transparent}.elementor-widget-text-editor:not(.elementor-drop-cap-view-default) .elementor-drop-cap{margin-top:8px}.elementor-widget-text-editor:not(.elementor-drop-cap-view-default) .elementor-drop-cap-letter{width:1em;height:1em}.elementor-widget-text-editor .elementor-drop-cap{float:left;text-align:center;line-height:1;font-size:50px}.elementor-widget-text-editor .elementor-drop-cap-letter{display:inline-block}<\/style>\t\t\t\t<p class=\"has-black-color has-text-color\">P\u00ebr vite, i gjith\u00eb ekosistemi lumor \u00ebsht\u00eb k\u00ebrc\u00ebnuar nga projektet e hidrocentraleve. N\u00ebse nd\u00ebrtohen, ato do t\u00eb shkat\u00ebrrojn\u00eb k\u00ebt\u00eb mjedis natyror \u2013 duke shkaktuar n\u00eb disa raste p\u00ebrmbytjen pjes\u00ebve t\u00eb caktuara lugin\u00ebs e n\u00eb t\u00eb tjera raste duke l\u00ebn\u00eb shtartin e lumit t\u00ebr\u00ebsisht t\u00eb that\u00eb. N\u00eb t\u00eb gjith\u00eb pellgun uj\u00ebmbledh\u00ebs t\u00eb Vjos\u00ebs, jan\u00eb planifikuar\u00a0<strong>45 hidrocentrale<\/strong>, 8 n\u00eb vet\u00eb lumin Vjos\u00eb dhe 37 n\u00eb deg\u00ebt e saj.<\/p><p class=\"has-black-color has-text-color\"><strong>Tre deg\u00eb<\/strong>, Langarica, Shtika dhe lumi i \u00c7arshov\u00ebs jan\u00eb prekur tashm\u00eb nga digat dhe nuk mund t\u00eb jen\u00eb pjes\u00eb e Parkut Komb\u00ebtar t\u00eb lugin\u00ebs s\u00eb lumit Vjosa.<\/p><p class=\"has-black-color has-text-color\"><b>K\u00ebrc\u00ebnimi kryesor<\/b>\u00a0me t\u00eb cilin p\u00ebrballet Vjosa gjat\u00eb 24 viteve t\u00eb fundit \u00ebsht\u00eb plani p\u00ebr nd\u00ebrtimin e 2 digave t\u00eb m\u00ebdha n\u00eb pjes\u00ebn e mesme t\u00eb lumit, p\u00ebrkat\u00ebsisht: digat e hidrocentraleve t\u00eb Kaliva\u00e7it dhe Po\u00e7emit.<\/p><p class=\"has-black-color has-text-color\">Megjithat\u00eb edhe rrjedha e poshtme e Vjos\u00ebs \u00ebsht\u00eb n\u00eb rrezik. Pran\u00eb gryk\u00ebderdhjes s\u00eb Vjos\u00ebs n\u00eb detin Adriatik, qeveria shqiptare ka n\u00eb plan t\u00eb nd\u00ebrtoj\u00eb nj\u00eb\u00a0aeroport nd\u00ebrkomb\u00ebtar, brenda kufinjve t\u00eb Zon\u00ebs s\u00eb Mbrojtur, i cili do t\u00eb shoq\u00ebrohet edhe m\u00eb nd\u00ebrtimin e infrastruktur\u00ebs mb\u00ebshtet\u00ebse e resorteve p\u00ebr pritjen e turist\u00ebve. Gjith\u00eb kjo parashikohet t\u00eb nd\u00ebrtohet pran\u00eb lagun\u00ebs s\u00eb Nart\u00ebs. Vendimi p\u00ebr p\u00ebrcaktimin e kufijve t\u00eb Zonave t\u00eb Mbrojtura n\u00eb Shqip\u00ebri parashikon p\u00ebrjashtimin nga Zona e Mbrojtur Vjos\u00eb \u2013 Nart\u00eb,\u00a0 t\u00eb sip\u00ebrfaqes q\u00eb do t\u00eb p\u00ebrdoret potencialisht p\u00ebr nd\u00ebrtimin e Aeroportit dhe resorteve turistike.<\/p><p class=\"has-black-color has-text-color\"><span class=\"tadv-background-color\"><span class=\"tadv-color\">N\u00eb Shtator 2020, Kryeministri i Shqip\u00ebris\u00eb, Edi Rama njoftoi publikisht synimin p\u00ebr shpalljen e Vjos\u00ebs, Park Komb\u00ebtar. Sidoqoft\u00eb, qeveria nuk kishte nd\u00ebrmarr\u00eb ndonj\u00eb hap t\u00eb qart\u00eb drejt k\u00ebtij synimi. Planet e paraqitura nga Agjencia Komb\u00ebtare e Zonave t\u00eb Mbrojtura (AKZM) p\u00ebrfshijn\u00eb vet\u00ebm mbrojtje minimale p\u00ebr Vjos\u00ebn, duke e shpallur at\u00eb nj\u00eb Park Natyror e duke l\u00ebn\u00eb t\u00eb hapur rrezikun p\u00ebr nd\u00ebrtimin e hidrocentraleve n\u00eb t\u00eb ardhmen. Plani i AKZM n\u00eb fakt \u00ebsht\u00eb shum\u00eb larg sigurimit t\u00eb nj\u00eb mbrojtjeje afatgjat\u00eb t\u00eb integritetit natyror si\u00e7 p\u00ebrcakton kat\u00ebgoria e Parkut Komb\u00ebtar. Politikan\u00ebt me sa duket k\u00ebrkojn\u00eb t\u00eb mbajn\u00eb der\u00ebn e hapur p\u00ebr projektet zhvillimore \u00a0pas zgjedhjeve dhe kjo e v\u00eb Vjos\u00ebn n\u00eb rrezik real.<\/span><\/span><\/p>\t\t\t\t\t\t<\/div>\n\t\t\t\t<\/div>\n\t\t\t\t\t<\/div>\n\t\t<\/div>\n\t\t\t\t\t\t\t<\/div>\n\t\t<\/section>\n\t\t\t\t<div class=\"elementor-element elementor-element-8afb831 elementor-widget elementor-widget-html\" data-id=\"8afb831\" data-element_type=\"widget\" data-widget_type=\"html.default\">\n\t\t\t\t<div class=\"elementor-widget-container\">\n\t\t\t<iframe loading=\"lazy\" src=\"https:\/\/www.google.com\/maps\/d\/embed?mid=1hLmKSN6RXMyzORAny_Zp3VrKJ5w&ehbc=2E312F\" width=\"640\" height=\"500\"><\/iframe>\t\t<\/div>\n\t\t\t\t<\/div>\n\t\t\t\t\t<\/div>\n\t\t<\/div>\n\t\t\t\t\t\t\t<\/div>\n\t\t<\/section>\n\t\t\t\t\t\t\t<\/div>\n\t\t","protected":false},"excerpt":{"rendered":"<p>K\u00ebrc\u00ebnimet P\u00ebr vite, i gjith\u00eb ekosistemi lumor \u00ebsht\u00eb k\u00ebrc\u00ebnuar nga projektet e hidrocentraleve. N\u00ebse nd\u00ebrtohen, ato do t\u00eb shkat\u00ebrrojn\u00eb k\u00ebt\u00eb mjedis natyror \u2013 duke shkaktuar n\u00eb disa raste p\u00ebrmbytjen pjes\u00ebve t\u00eb caktuara lugin\u00ebs e n\u00eb t\u00eb tjera raste duke l\u00ebn\u00eb shtartin e lumit t\u00ebr\u00ebsisht t\u00eb that\u00eb. N\u00eb t\u00eb gjith\u00eb pellgun uj\u00ebmbledh\u00ebs t\u00eb Vjos\u00ebs, jan\u00eb planifikuar\u00a045 [&hellip;]<\/p>\n","protected":false},"author":1,"featured_media":0,"parent":0,"menu_order":0,"comment_status":"closed","ping_status":"closed","template":"elementor_header_footer","meta":{"inline_featured_image":false,"footnotes":""},"class_list":["post-34520","page","type-page","status-publish","hentry"],"_links":{"self":[{"href":"https:\/\/vjosa-park-kombetar-tani.ecoalbania.org\/index.php?rest_route=\/wp\/v2\/pages\/34520","targetHints":{"allow":["GET"]}}],"collection":[{"href":"https:\/\/vjosa-park-kombetar-tani.ecoalbania.org\/index.php?rest_route=\/wp\/v2\/pages"}],"about":[{"href":"https:\/\/vjosa-park-kombetar-tani.ecoalbania.org\/index.php?rest_route=\/wp\/v2\/types\/page"}],"author":[{"embeddable":true,"href":"https:\/\/vjosa-park-kombetar-tani.ecoalbania.org\/index.php?rest_route=\/wp\/v2\/users\/1"}],"replies":[{"embeddable":true,"href":"https:\/\/vjosa-park-kombetar-tani.ecoalbania.org\/index.php?rest_route=%2Fwp%2Fv2%2Fcomments&post=34520"}],"version-history":[{"count":7,"href":"https:\/\/vjosa-park-kombetar-tani.ecoalbania.org\/index.php?rest_route=\/wp\/v2\/pages\/34520\/revisions"}],"predecessor-version":[{"id":34607,"href":"https:\/\/vjosa-park-kombetar-tani.ecoalbania.org\/index.php?rest_route=\/wp\/v2\/pages\/34520\/revisions\/34607"}],"wp:attachment":[{"href":"https:\/\/vjosa-park-kombetar-tani.ecoalbania.org\/index.php?rest_route=%2Fwp%2Fv2%2Fmedia&parent=34520"}],"curies":[{"name":"wp","href":"https:\/\/api.w.org\/{rel}","templated":true}]}}